{"id":41,"date":"2017-03-26T15:15:09","date_gmt":"2017-03-26T13:15:09","guid":{"rendered":"http:\/\/csptt-badminton.fr\/?page_id=41"},"modified":"2022-07-09T10:06:55","modified_gmt":"2022-07-09T08:06:55","slug":"inscriptions","status":"publish","type":"page","link":"https:\/\/csptt-badminton.fr\/page-d-exemple\/inscriptions\/","title":{"rendered":"Inscriptions"},"content":{"rendered":"<h2><\/h2>\n<h2>Email contact club<\/h2>\n<ul>\n<li>Compte tenu de la forte demande, les inscriptions se font d\u00e9sormais apr\u00e8s une premi\u00e8re prise de contact par email et validation par le club. Merci de nous contacter \u00e0 l&rsquo;adresse suivante:<\/li>\n<\/ul>\n<p style=\"padding-left: 40px;\"><a href=\"mailto:bad.csptt.paris17@gmail.com\"><strong><span style=\"color: #000000;\">bad.csptt.paris17@gmail.com<\/span><\/strong><\/a><\/p>\n<h2>Documents \u00e0 fournir<\/h2>\n<ul>\n<li style=\"padding-left: 30px;\">Un certificat m\u00e9dical avec mention &lsquo;pratique du Badminton&rsquo;. Si votre certificat a de 1 \u00e0 3 ans, vous devez t\u00e9l\u00e9charger et remplir l&rsquo;auto-questionnaire CERFA 15699. Vous le trouverez ici :<\/li>\n<\/ul>\n<p style=\"padding-left: 30px;\"><a href=\"https:\/\/www.formulaires.service-public.fr\/gf\/cerfa_15699.do\"><span style=\"color: #000080;\"><span style=\"color: #000080;\">CERFA_15699<\/span><\/span><\/a><\/p>\n<ul>\n<li style=\"padding-left: 30px;\">Une photo (fichier .pdf ou .jpg accept\u00e9s)<\/li>\n<li style=\"padding-left: 30px;\">La fiche de renseignements qui vous ssera transmise apr\u00e9s contact.<\/li>\n<\/ul>\n<p style=\"padding-left: 30px;\">\n<hr \/>\n<h2>Tarifs pour la saison 2022-2023<\/h2>\n<ul>\n<li style=\"padding-left: 30px;\">Adultes :<\/li>\n<\/ul>\n<p style=\"padding-left: 80px;\">&#8211; Pour la premi\u00e8re ann\u00e9e : <strong>110\u20ac<\/strong><\/p>\n<p style=\"padding-left: 80px;\">&#8211; R\u00e9inscription :\u00a0 \u00a0<strong>90\u20ac<\/strong><\/p>\n<ul>\n<li style=\"padding-left: 30px;\">Etudiants, ch\u00f4meurs : <strong>70\u20ac<\/strong><\/li>\n<li style=\"padding-left: 30px;\">Demi saison [Septembre 2019 \u2013 Janvier 2020] ou [F\u00e9vrier 2020 \u2013 Juin 2020] : <strong>70\u20ac<\/strong><\/li>\n<\/ul>\n<p><span style=\"color: #0000ff;\"><em>Si vous \u00eates d\u00e9j\u00e0 licenci\u00e9 FSGT pour une autre activit\u00e9 sportive, le prix de la licence d\u00e9j\u00e0 pay\u00e9e sera d\u00e9duit (-30\u20ac)<\/em><\/span><\/p>\n","protected":false},"excerpt":{"rendered":"<p>Email contact club Compte tenu de la forte demande, les inscriptions se font d\u00e9sormais apr\u00e8s une premi\u00e8re prise de contact par email et validation par le club. Merci de nous contacter \u00e0 l&rsquo;adresse suivante: bad.csptt.paris17@gmail.com Documents \u00e0 fournir Un certificat m\u00e9dical avec mention &lsquo;pratique du Badminton&rsquo;. Si votre certificat a de 1 \u00e0 3 ans,&hellip;&nbsp;<\/p>\n","protected":false},"author":1,"featured_media":0,"parent":2,"menu_order":0,"comment_status":"closed","ping_status":"closed","template":"","meta":{"neve_meta_sidebar":"","neve_meta_container":"","neve_meta_enable_content_width":"off","neve_meta_content_width":0,"neve_meta_title_alignment":"","neve_meta_author_avatar":"","neve_post_elements_order":"","neve_meta_disable_header":"","neve_meta_disable_footer":"","neve_meta_disable_title":"","footnotes":""},"_links":{"self":[{"href":"https:\/\/csptt-badminton.fr\/wp-json\/wp\/v2\/pages\/41"}],"collection":[{"href":"https:\/\/csptt-badminton.fr\/wp-json\/wp\/v2\/pages"}],"about":[{"href":"https:\/\/csptt-badminton.fr\/wp-json\/wp\/v2\/types\/page"}],"author":[{"embeddable":true,"href":"https:\/\/csptt-badminton.fr\/wp-json\/wp\/v2\/users\/1"}],"replies":[{"embeddable":true,"href":"https:\/\/csptt-badminton.fr\/wp-json\/wp\/v2\/comments?post=41"}],"version-history":[{"count":28,"href":"https:\/\/csptt-badminton.fr\/wp-json\/wp\/v2\/pages\/41\/revisions"}],"predecessor-version":[{"id":180,"href":"https:\/\/csptt-badminton.fr\/wp-json\/wp\/v2\/pages\/41\/revisions\/180"}],"up":[{"embeddable":true,"href":"https:\/\/csptt-badminton.fr\/wp-json\/wp\/v2\/pages\/2"}],"wp:attachment":[{"href":"https:\/\/csptt-badminton.fr\/wp-json\/wp\/v2\/media?parent=41"}],"curies":[{"name":"wp","href":"https:\/\/api.w.org\/{rel}","templated":true}]}}