{"id":30,"date":"2017-03-26T15:04:41","date_gmt":"2017-03-26T13:04:41","guid":{"rendered":"http:\/\/csptt-badminton.fr\/?page_id=30"},"modified":"2022-11-16T17:56:22","modified_gmt":"2022-11-16T16:56:22","slug":"calendrier","status":"publish","type":"page","link":"https:\/\/csptt-badminton.fr\/page-d-exemple\/calendrier\/","title":{"rendered":"Calendrier &#038; Tournois FSGT"},"content":{"rendered":"<h2><strong><span style=\"color: #000000;\">Rencontres inter-Clubs badminton FSGT 2022-2023<\/span><\/strong><\/h2>\n<p><em>Les tournois se d\u00e9roulent au<strong> gymnase Poissonniers<\/strong> &#8211; 2, Rue Jean Cocteau &#8211; 75018 Paris\u00a0 \u00a0Marcadet-Poissoniers<\/em><\/p>\n<h3><strong>Le calendrier des tournois et club organisateur<\/strong><\/h3>\n<table width=\"139\">\n<tbody>\n<tr>\n<td width=\"139\"><del>08-oct-2022\u00a0<\/del><\/td>\n<\/tr>\n<tr>\n<td>19-nov-2022 &#8211; ESC15<\/td>\n<\/tr>\n<tr>\n<td>10-d\u00e9c-2022 &#8211; CPS10<\/td>\n<\/tr>\n<tr>\n<td>14-janv-2023 &#8211; CSPTT Badminton<\/td>\n<\/tr>\n<tr>\n<td>11-f\u00e9vr-2023 &#8211; ESC11<\/td>\n<\/tr>\n<tr>\n<td>18-mars-2023 &#8211; USMT<\/td>\n<\/tr>\n<tr>\n<td>15-avr-2023 &#8211; Lepic Populaire<\/td>\n<\/tr>\n<tr>\n<td>13-mai-2023 &#8211; AS Museum<\/td>\n<\/tr>\n<tr>\n<td>17-juin-2023 &#8211; La Bad Compagnie<\/td>\n<\/tr>\n<\/tbody>\n<\/table>\n<hr \/>\n<h3><strong>Fermeture des gymnases Balzac et Poissonniers<\/strong><\/h3>\n<table>\n<tbody>\n<tr>\n<td width=\"262\"><strong>Vacances scolaires<\/strong><\/td>\n<td width=\"412\"><\/td>\n<\/tr>\n<tr>\n<td width=\"262\">Toussaint 2022<\/td>\n<td width=\"412\">du samedi 22 octobre au dimanche 6 novembre 2022<\/td>\n<\/tr>\n<tr>\n<td width=\"262\">No\u00ebl 2022<\/td>\n<td width=\"412\">du samedi 17 d\u00e9cembre 2022 au dimanche 1er janvier 2023<\/td>\n<\/tr>\n<tr>\n<td width=\"262\">Hiver 2023<\/td>\n<td width=\"412\">du samedi 18 f\u00e9vrier au dimanche 5 mars 2023<\/td>\n<\/tr>\n<tr>\n<td width=\"262\">Printemps (P\u00e2ques) 2023<\/td>\n<td width=\"412\">du samedi 22 avril au <strong>Lundi<\/strong> 8 mai 2023<\/td>\n<\/tr>\n<tr>\n<td width=\"262\">\u00c9t\u00e9 (grandes vacances) 2023<\/td>\n<td width=\"412\">\u00a0Samedi 8 juillet 2023<\/td>\n<\/tr>\n<tr>\n<td width=\"262\"><\/td>\n<td width=\"412\"><\/td>\n<\/tr>\n<tr>\n<td width=\"262\"><strong>Jours f\u00e9ri\u00e9s (tous gymnases ferm\u00e9s)<\/strong><\/td>\n<td width=\"412\"><\/td>\n<\/tr>\n<tr>\n<td width=\"262\">Toussaint<\/td>\n<td width=\"412\">Mardi 1<sup>er<\/sup> Novembre 2022<\/td>\n<\/tr>\n<tr>\n<td width=\"262\">Armistice<\/td>\n<td width=\"412\">Vendredi 11 Novembre 2022<\/td>\n<\/tr>\n<tr>\n<td width=\"262\">No\u00ebl<\/td>\n<td width=\"412\">Dimanche 25 D\u00e9cembre 2022<\/td>\n<\/tr>\n<tr>\n<td width=\"262\">Jour de l\u2019an<\/td>\n<td width=\"412\">Dimanche 1 Janvier 2023<\/td>\n<\/tr>\n<tr>\n<td width=\"262\">P\u00e2ques<\/td>\n<td width=\"412\">Lundi 10 Avril 2023<\/td>\n<\/tr>\n<tr>\n<td width=\"262\">F\u00eate du travail<\/td>\n<td width=\"412\">Lundi 1<sup>er<\/sup> Mai 2023<\/td>\n<\/tr>\n<tr>\n<td width=\"262\">Victoire 1945<\/td>\n<td width=\"412\">Lundi 8 Mai 2023<\/td>\n<\/tr>\n<tr>\n<td width=\"262\">Ascension<\/td>\n<td width=\"412\">Jeudi 18 Mai 2023<\/td>\n<\/tr>\n<tr>\n<td width=\"262\">Pentec\u00f4te<\/td>\n<td width=\"412\">Lundi 29 Mai 2023<\/td>\n<\/tr>\n<\/tbody>\n<\/table>\n","protected":false},"excerpt":{"rendered":"<p>Rencontres inter-Clubs badminton FSGT 2022-2023 Les tournois se d\u00e9roulent au gymnase Poissonniers &#8211; 2, Rue Jean Cocteau &#8211; 75018 Paris\u00a0 \u00a0Marcadet-Poissoniers Le calendrier des tournois et club organisateur 08-oct-2022\u00a0 19-nov-2022 &#8211; ESC15 10-d\u00e9c-2022 &#8211; CPS10 14-janv-2023 &#8211; CSPTT Badminton 11-f\u00e9vr-2023 &#8211; ESC11 18-mars-2023 &#8211; USMT 15-avr-2023 &#8211; Lepic Populaire 13-mai-2023 &#8211; AS Museum 17-juin-2023 &#8211;&hellip;&nbsp;<\/p>\n","protected":false},"author":1,"featured_media":0,"parent":2,"menu_order":0,"comment_status":"closed","ping_status":"closed","template":"","meta":{"neve_meta_sidebar":"","neve_meta_container":"","neve_meta_enable_content_width":"off","neve_meta_content_width":0,"neve_meta_title_alignment":"","neve_meta_author_avatar":"","neve_post_elements_order":"","neve_meta_disable_header":"","neve_meta_disable_footer":"","neve_meta_disable_title":"","footnotes":""},"_links":{"self":[{"href":"https:\/\/csptt-badminton.fr\/wp-json\/wp\/v2\/pages\/30"}],"collection":[{"href":"https:\/\/csptt-badminton.fr\/wp-json\/wp\/v2\/pages"}],"about":[{"href":"https:\/\/csptt-badminton.fr\/wp-json\/wp\/v2\/types\/page"}],"author":[{"embeddable":true,"href":"https:\/\/csptt-badminton.fr\/wp-json\/wp\/v2\/users\/1"}],"replies":[{"embeddable":true,"href":"https:\/\/csptt-badminton.fr\/wp-json\/wp\/v2\/comments?post=30"}],"version-history":[{"count":14,"href":"https:\/\/csptt-badminton.fr\/wp-json\/wp\/v2\/pages\/30\/revisions"}],"predecessor-version":[{"id":182,"href":"https:\/\/csptt-badminton.fr\/wp-json\/wp\/v2\/pages\/30\/revisions\/182"}],"up":[{"embeddable":true,"href":"https:\/\/csptt-badminton.fr\/wp-json\/wp\/v2\/pages\/2"}],"wp:attachment":[{"href":"https:\/\/csptt-badminton.fr\/wp-json\/wp\/v2\/media?parent=30"}],"curies":[{"name":"wp","href":"https:\/\/api.w.org\/{rel}","templated":true}]}}