{"id":26,"date":"2017-03-26T15:02:31","date_gmt":"2017-03-26T13:02:31","guid":{"rendered":"http:\/\/csptt-badminton.fr\/?page_id=26"},"modified":"2017-04-23T17:09:46","modified_gmt":"2017-04-23T15:09:46","slug":"infos-club","status":"publish","type":"page","link":"https:\/\/csptt-badminton.fr\/page-d-exemple\/infos-club\/","title":{"rendered":"Infos club &#8211; Gymnases et horaires"},"content":{"rendered":"<p>O\u00f9 nous trouver<\/p>\n<p>Lundi<\/p>\n<p>De 19h15 \u00e0 22h15<\/p>\n<p>Gymnase du Lyc\u00e9e Balzac<\/p>\n<p>106, Bd Bessi\u00e8res \u2013 Paris 17<\/p>\n<p>(ferm\u00e9 pendant les vacances scolaires)<\/p>\n<p>&nbsp;<\/p>\n<p>Mardi<\/p>\n<p>De 18h00 \u00e0 19h30<\/p>\n<p>Gymnase des Poissonniers<\/p>\n<p>2, rue jean Cocteau \u2013 Paris 18<\/p>\n<p>&nbsp;<\/p>\n<p>Vendredi<\/p>\n<p>De 18h00 \u00e0 20h00<\/p>\n<p>Gymnase Biancotto<\/p>\n<p>6, Av de la Porte de Clichy \u2013 Paris 17<\/p>\n<p>&nbsp;<\/p>\n","protected":false},"excerpt":{"rendered":"<p>O\u00f9 nous trouver Lundi De 19h15 \u00e0 22h15 Gymnase du Lyc\u00e9e Balzac 106, Bd Bessi\u00e8res \u2013 Paris 17 (ferm\u00e9 pendant les vacances scolaires) &nbsp; Mardi De 18h00 \u00e0 19h30 Gymnase des Poissonniers 2, rue jean Cocteau \u2013 Paris 18 &nbsp; Vendredi De 18h00 \u00e0 20h00 Gymnase Biancotto 6, Av de la Porte de Clichy \u2013&hellip;&nbsp;<\/p>\n","protected":false},"author":1,"featured_media":0,"parent":2,"menu_order":0,"comment_status":"closed","ping_status":"closed","template":"","meta":{"neve_meta_sidebar":"","neve_meta_container":"","neve_meta_enable_content_width":"","neve_meta_content_width":0,"neve_meta_title_alignment":"","neve_meta_author_avatar":"","neve_post_elements_order":"","neve_meta_disable_header":"","neve_meta_disable_footer":"","neve_meta_disable_title":"","footnotes":""},"_links":{"self":[{"href":"https:\/\/csptt-badminton.fr\/wp-json\/wp\/v2\/pages\/26"}],"collection":[{"href":"https:\/\/csptt-badminton.fr\/wp-json\/wp\/v2\/pages"}],"about":[{"href":"https:\/\/csptt-badminton.fr\/wp-json\/wp\/v2\/types\/page"}],"author":[{"embeddable":true,"href":"https:\/\/csptt-badminton.fr\/wp-json\/wp\/v2\/users\/1"}],"replies":[{"embeddable":true,"href":"https:\/\/csptt-badminton.fr\/wp-json\/wp\/v2\/comments?post=26"}],"version-history":[{"count":4,"href":"https:\/\/csptt-badminton.fr\/wp-json\/wp\/v2\/pages\/26\/revisions"}],"predecessor-version":[{"id":81,"href":"https:\/\/csptt-badminton.fr\/wp-json\/wp\/v2\/pages\/26\/revisions\/81"}],"up":[{"embeddable":true,"href":"https:\/\/csptt-badminton.fr\/wp-json\/wp\/v2\/pages\/2"}],"wp:attachment":[{"href":"https:\/\/csptt-badminton.fr\/wp-json\/wp\/v2\/media?parent=26"}],"curies":[{"name":"wp","href":"https:\/\/api.w.org\/{rel}","templated":true}]}}